{"id":743,"date":"2023-03-28T11:25:03","date_gmt":"2023-03-28T11:25:03","guid":{"rendered":"https:\/\/shop.wind-fgw.de\/contact\/"},"modified":"2023-04-12T13:51:04","modified_gmt":"2023-04-12T13:51:04","slug":"contact","status":"publish","type":"page","link":"https:\/\/shop.wind-fgw.de\/en\/contact\/","title":{"rendered":"Contact"},"content":{"rendered":"<div class=\"wpb-content-wrapper\"><p>[vc_row css_animation=&#8221;&#8221; row_type=&#8221;row&#8221; use_row_as_full_screen_section=&#8221;no&#8221; type=&#8221;grid&#8221; angled_section=&#8221;no&#8221; text_align=&#8221;left&#8221; background_image_as_pattern=&#8221;without_pattern&#8221; el_class=&#8221;bg1&#8243; z_index=&#8221;&#8221; css=&#8221;.vc_custom_1680002034397{margin-top: 2% !important;}&#8221;][vc_column][vc_column_text]<\/p>\n<h1>Contact<\/h1>\n<div class=\"wpb_text_column wpb_content_element vc_custom_1617798805953\">\n<div class=\"wpb_wrapper\">\n<p><strong>FGW e.V. \u2013 F\u00f6rdergesellschaft Windenergie und andere Dezentrale Energien<\/strong><\/p>\n<p><strong>Address:<\/strong><br \/>\nOranienburger Stra\u00dfe 45<br \/>\n10117 Berlin<\/p>\n<p><strong>Fon:<\/strong> + 49 (0) 30\/ 30 10 15 05 -0<\/p>\n<p><strong>Mail:<\/strong> <a href=\"mailto:info@wind-fgw.de\">info@wind-fgw.de<\/a><br \/>\n<strong>Internet:<\/strong> <a href=\"https:\/\/www.wind-fgw.de\/\">www.wind-fgw.de<\/a><\/p>\n<\/div>\n<\/div>\n<div class=\"wpb_text_column wpb_content_element vc_custom_1507635914117\">\n<div class=\"wpb_wrapper\">\n<p>&nbsp;<\/p>\n<\/div>\n<\/div>\n<p>[\/vc_column_text][vc_gmaps link=&#8221;#E-8_JTNDaWZyYW1lJTIwc3JjJTNEJTIyaHR0cHMlM0ElMkYlMkZ3d3cuZ29vZ2xlLmNvbSUyRm1hcHMlMkZlbWJlZCUzRnBiJTNEJTIxMW0xOCUyMTFtMTIlMjExbTMlMjExZDgxMC4wNDU5NTM5MjExNzQxJTIxMmQxMy4zODk5MzE3MzI4NzQyMDYlMjEzZDUyLjUyNjI4NDY0OTEyMTkyNiUyMTJtMyUyMTFmMCUyMTJmMCUyMTNmMCUyMTNtMiUyMTFpMTAyNCUyMTJpNzY4JTIxNGYxMy4xJTIxM20zJTIxMW0yJTIxMXMweDQ3YTg1MWU5MDBiOWYwNmIlMjUzQTB4NzM3NGY0Yjc0ZTc4Y2U4YiUyMTJzRkdXJTI1MjBlLlYuJTI1MjAtJTI1MjBGJTI1QzMlMjVCNnJkZXJnZXNlbGxzY2hhZnQlMjUyMFdpbmRlbmVyZ2llJTI1MjB1bmQlMjUyMGFuZGVyZSUyNTIwRGV6ZW50cmFsZSUyNTIwRW5lcmdpZW4lMjE1ZTAlMjEzbTIlMjExc2RlJTIxMnNkZSUyMTR2MTY4MTMwMDI4ODc4NCUyMTVtMiUyMTFzZGUlMjEyc2RlJTIyJTIwd2lkdGglM0QlMjI2MDAlMjIlMjBoZWlnaHQlM0QlMjI0NTAlMjIlMjBzdHlsZSUzRCUyMmJvcmRlciUzQTAlM0IlMjIlMjBhbGxvd2Z1bGxzY3JlZW4lM0QlMjIlMjIlMjBsb2FkaW5nJTNEJTIybGF6eSUyMiUyMHJlZmVycmVycG9saWN5JTNEJTIybm8tcmVmZXJyZXItd2hlbi1kb3duZ3JhZGUlMjIlM0UlM0MlMkZpZnJhbWUlM0U=&#8221; title=&#8221;How to find us&#8221;][vc_column_text]<strong>Be aware!<\/strong><\/p>\n<ul>\n<li>An environmental badge is required when travelling by car see: www.plakette24.de<\/li>\n<li>Congestion and construction site reports at: www.vmz-info.de<\/li>\n<\/ul>\n<p><strong><br \/>\nParking:<\/strong><\/p>\n<p>Parking in the city centre is limited. Parking garages are located at street number<\/p>\n<ul>\n<li>27a, (7 minutes walk) as well as<\/li>\n<li>Schr\u00f6derstr. 13, (10 minutes walk)<\/li>\n<\/ul>\n<p><strong><br \/>\nArrival by public transport (\u00d6PNV)<\/strong><\/p>\n<ul>\n<li>Information:<\/li>\n<li><a href=\"https:\/\/www.bvg.de\/de\" target=\"_blank\" rel=\"noopener\">www.bvg.de<\/a><\/li>\n<li><a href=\"https:\/\/sbahn.berlin\/fahren\/infos-fuer-berlin-besucher\/berlins-flughafen-berlin-brandenburg-ber\/\" target=\"_blank\" rel=\"noopener\">www.sbahn.berlin<\/a><\/li>\n<li><a href=\"https:\/\/www.berlin.de\/tourismus\/infos\/2021627-1721039-flughafen-berlin-brandenburg-ber-verkehr.html\" target=\"_blank\" rel=\"noopener\">www.berlin.de<\/a><\/li>\n<li>Airport Berlin Brandenburg Willy Brandt (BBI) consists of 3 Terminals:<\/li>\n<li>T1, T2 und T5 (former Airport Sch\u00f6nefed)<\/li>\n<li>T1 &amp; T2: connections to city centre and suroundings via station \u201eFlughafen BER \u2013 Terminal 1-2\u201c<\/li>\n<li>Regional train &#8220;FEX&#8221; (airport express) heading directly to Berlin city centre &#8211; BER airport &#8211; Terminal 1-2 heading to Berlin main station, journey time approx. 30 min as well as regional trains RE7, RB22 and RB14<\/li>\n<li>in addition, the S-Bahn S45 and S9 run between BER and the city<\/li>\n<li>From Berlin main station, take any S-Bahn traveling east until &#8220;Friedrichstra\u00dfe&#8221;, then take the U6 in the direction of &#8220;Alt-Tegel&#8221; until &#8220;Oranienburger Tor&#8221;.<\/li>\n<li>Train service: Hauptbahnhof (S-Bahn all lines in the direction of &#8220;Alexanderplatz&#8221; to &#8220;Friedrichstra\u00dfe&#8221;, U6 to &#8220;Oranienburger Tor&#8221; in the direction of &#8220;Alt-Tegel&#8221; or from &#8220;Friedrichstra\u00dfe&#8221; with the S2 in the direction of &#8220;Bernau&#8221; to &#8220;Oranienburger Stra\u00dfe&#8221; or tram M5 in the direction of &#8220;Hohensch\u00f6nhausen, Zingster Stra\u00dfe&#8221; to &#8220;Oranienburger Tor&#8221;).<\/li>\n<\/ul>\n<p>[\/vc_column_text][\/vc_column][\/vc_row]<\/p>\n<\/div>","protected":false},"excerpt":{"rendered":"<p>[vc_row css_animation=&#8221;&#8221; row_type=&#8221;row&#8221; use_row_as_full_screen_section=&#8221;no&#8221; type=&#8221;grid&#8221; angled_section=&#8221;no&#8221; text_align=&#8221;left&#8221; background_image_as_pattern=&#8221;without_pattern&#8221; el_class=&#8221;bg1&#8243; z_index=&#8221;&#8221; css=&#8221;.vc_custom_1680002034397{margin-top: 2% !important;}&#8221;][vc_column][vc_column_text] Contact FGW e.V. \u2013 F\u00f6rdergesellschaft Windenergie und andere Dezentrale Energien Address: Oranienburger Stra\u00dfe 45 10117 Berlin Fon: + 49 (0) 30\/ 30 10 15 05 -0 Mail: info@wind-fgw.de Internet: www.wind-fgw.de &nbsp; [\/vc_column_text][vc_gmaps&#8230;<\/p>\n","protected":false},"author":1,"featured_media":0,"parent":0,"menu_order":0,"comment_status":"closed","ping_status":"closed","template":"full_width.php","meta":{"_acf_changed":false,"_themeisle_gutenberg_block_has_review":false,"footnotes":""},"class_list":["post-743","page","type-page","status-publish","hentry"],"acf":[],"yoast_head":"<!-- This site is optimized with the Yoast SEO plugin v27.4 - https:\/\/yoast.com\/product\/yoast-seo-wordpress\/ -->\n<title>Contact - FGW e.V. \u2013 Online-Shop f\u00fcr Referenzzertifikate, technische Richtlinien und Leistungskennlinien<\/title>\n<meta name=\"robots\" content=\"index, follow, max-snippet:-1, max-image-preview:large, max-video-preview:-1\" \/>\n<link rel=\"canonical\" href=\"https:\/\/shop.wind-fgw.de\/en\/contact\/\" \/>\n<meta property=\"og:locale\" content=\"en_US\" \/>\n<meta property=\"og:type\" content=\"article\" \/>\n<meta property=\"og:title\" content=\"Contact - FGW e.V. \u2013 Online-Shop f\u00fcr Referenzzertifikate, technische Richtlinien und Leistungskennlinien\" \/>\n<meta property=\"og:description\" content=\"[vc_row css_animation=&#8221;&#8221; row_type=&#8221;row&#8221; use_row_as_full_screen_section=&#8221;no&#8221; type=&#8221;grid&#8221; angled_section=&#8221;no&#8221; text_align=&#8221;left&#8221; background_image_as_pattern=&#8221;without_pattern&#8221; el_class=&#8221;bg1&#8243; z_index=&#8221;&#8221; css=&#8221;.vc_custom_1680002034397{margin-top: 2% !important;}&#8221;][vc_column][vc_column_text] Contact FGW e.V. \u2013 F\u00f6rdergesellschaft Windenergie und andere Dezentrale Energien Address: Oranienburger Stra\u00dfe 45 10117 Berlin Fon: + 49 (0) 30\/ 30 10 15 05 -0 Mail: info@wind-fgw.de Internet: www.wind-fgw.de &nbsp; [\/vc_column_text][vc_gmaps...\" \/>\n<meta property=\"og:url\" content=\"https:\/\/shop.wind-fgw.de\/en\/contact\/\" \/>\n<meta property=\"og:site_name\" content=\"FGW e.V. \u2013 Online-Shop f\u00fcr Referenzzertifikate, technische Richtlinien und Leistungskennlinien\" \/>\n<meta property=\"article:modified_time\" content=\"2023-04-12T13:51:04+00:00\" \/>\n<meta name=\"twitter:card\" content=\"summary_large_image\" \/>\n<meta name=\"twitter:label1\" content=\"Est. reading time\" \/>\n\t<meta name=\"twitter:data1\" content=\"1 minute\" \/>\n<script type=\"application\/ld+json\" class=\"yoast-schema-graph\">{\"@context\":\"https:\\\/\\\/schema.org\",\"@graph\":[{\"@type\":\"WebPage\",\"@id\":\"https:\\\/\\\/shop.wind-fgw.de\\\/en\\\/contact\\\/\",\"url\":\"https:\\\/\\\/shop.wind-fgw.de\\\/en\\\/contact\\\/\",\"name\":\"Contact - FGW e.V. \u2013 Online-Shop f\u00fcr Referenzzertifikate, technische Richtlinien und Leistungskennlinien\",\"isPartOf\":{\"@id\":\"https:\\\/\\\/shop.wind-fgw.de\\\/#website\"},\"datePublished\":\"2023-03-28T11:25:03+00:00\",\"dateModified\":\"2023-04-12T13:51:04+00:00\",\"breadcrumb\":{\"@id\":\"https:\\\/\\\/shop.wind-fgw.de\\\/en\\\/contact\\\/#breadcrumb\"},\"inLanguage\":\"en-US\",\"potentialAction\":[{\"@type\":\"ReadAction\",\"target\":[\"https:\\\/\\\/shop.wind-fgw.de\\\/en\\\/contact\\\/\"]}]},{\"@type\":\"BreadcrumbList\",\"@id\":\"https:\\\/\\\/shop.wind-fgw.de\\\/en\\\/contact\\\/#breadcrumb\",\"itemListElement\":[{\"@type\":\"ListItem\",\"position\":1,\"name\":\"Startseite\",\"item\":\"https:\\\/\\\/shop.wind-fgw.de\\\/en\\\/\"},{\"@type\":\"ListItem\",\"position\":2,\"name\":\"Contact\"}]},{\"@type\":\"WebSite\",\"@id\":\"https:\\\/\\\/shop.wind-fgw.de\\\/#website\",\"url\":\"https:\\\/\\\/shop.wind-fgw.de\\\/\",\"name\":\"FGW e.V. \u2013 Online-Shop f\u00fcr Referenzzertifikate, technische Richtlinien und Leistungskennlinien\",\"description\":\"\",\"publisher\":{\"@id\":\"https:\\\/\\\/shop.wind-fgw.de\\\/#organization\"},\"potentialAction\":[{\"@type\":\"SearchAction\",\"target\":{\"@type\":\"EntryPoint\",\"urlTemplate\":\"https:\\\/\\\/shop.wind-fgw.de\\\/?s={search_term_string}\"},\"query-input\":{\"@type\":\"PropertyValueSpecification\",\"valueRequired\":true,\"valueName\":\"search_term_string\"}}],\"inLanguage\":\"en-US\"},{\"@type\":\"Organization\",\"@id\":\"https:\\\/\\\/shop.wind-fgw.de\\\/#organization\",\"name\":\"FGW e.V. \u2013 Online-Shop f\u00fcr Referenzzertifikate, technische Richtlinien und Leistungskennlinien\",\"url\":\"https:\\\/\\\/shop.wind-fgw.de\\\/\",\"logo\":{\"@type\":\"ImageObject\",\"inLanguage\":\"en-US\",\"@id\":\"https:\\\/\\\/shop.wind-fgw.de\\\/#\\\/schema\\\/logo\\\/image\\\/\",\"url\":\"https:\\\/\\\/shop.wind-fgw.de\\\/wp-content\\\/uploads\\\/2023\\\/02\\\/FGW-Logo.png\",\"contentUrl\":\"https:\\\/\\\/shop.wind-fgw.de\\\/wp-content\\\/uploads\\\/2023\\\/02\\\/FGW-Logo.png\",\"width\":222,\"height\":139,\"caption\":\"FGW e.V. \u2013 Online-Shop f\u00fcr Referenzzertifikate, technische Richtlinien und Leistungskennlinien\"},\"image\":{\"@id\":\"https:\\\/\\\/shop.wind-fgw.de\\\/#\\\/schema\\\/logo\\\/image\\\/\"}}]}<\/script>\n<!-- \/ Yoast SEO plugin. -->","yoast_head_json":{"title":"Contact - FGW e.V. \u2013 Online-Shop f\u00fcr Referenzzertifikate, technische Richtlinien und Leistungskennlinien","robots":{"index":"index","follow":"follow","max-snippet":"max-snippet:-1","max-image-preview":"max-image-preview:large","max-video-preview":"max-video-preview:-1"},"canonical":"https:\/\/shop.wind-fgw.de\/en\/contact\/","og_locale":"en_US","og_type":"article","og_title":"Contact - FGW e.V. \u2013 Online-Shop f\u00fcr Referenzzertifikate, technische Richtlinien und Leistungskennlinien","og_description":"[vc_row css_animation=&#8221;&#8221; row_type=&#8221;row&#8221; use_row_as_full_screen_section=&#8221;no&#8221; type=&#8221;grid&#8221; angled_section=&#8221;no&#8221; text_align=&#8221;left&#8221; background_image_as_pattern=&#8221;without_pattern&#8221; el_class=&#8221;bg1&#8243; z_index=&#8221;&#8221; css=&#8221;.vc_custom_1680002034397{margin-top: 2% !important;}&#8221;][vc_column][vc_column_text] Contact FGW e.V. \u2013 F\u00f6rdergesellschaft Windenergie und andere Dezentrale Energien Address: Oranienburger Stra\u00dfe 45 10117 Berlin Fon: + 49 (0) 30\/ 30 10 15 05 -0 Mail: info@wind-fgw.de Internet: www.wind-fgw.de &nbsp; [\/vc_column_text][vc_gmaps...","og_url":"https:\/\/shop.wind-fgw.de\/en\/contact\/","og_site_name":"FGW e.V. \u2013 Online-Shop f\u00fcr Referenzzertifikate, technische Richtlinien und Leistungskennlinien","article_modified_time":"2023-04-12T13:51:04+00:00","twitter_card":"summary_large_image","twitter_misc":{"Est. reading time":"1 minute"},"schema":{"@context":"https:\/\/schema.org","@graph":[{"@type":"WebPage","@id":"https:\/\/shop.wind-fgw.de\/en\/contact\/","url":"https:\/\/shop.wind-fgw.de\/en\/contact\/","name":"Contact - FGW e.V. \u2013 Online-Shop f\u00fcr Referenzzertifikate, technische Richtlinien und Leistungskennlinien","isPartOf":{"@id":"https:\/\/shop.wind-fgw.de\/#website"},"datePublished":"2023-03-28T11:25:03+00:00","dateModified":"2023-04-12T13:51:04+00:00","breadcrumb":{"@id":"https:\/\/shop.wind-fgw.de\/en\/contact\/#breadcrumb"},"inLanguage":"en-US","potentialAction":[{"@type":"ReadAction","target":["https:\/\/shop.wind-fgw.de\/en\/contact\/"]}]},{"@type":"BreadcrumbList","@id":"https:\/\/shop.wind-fgw.de\/en\/contact\/#breadcrumb","itemListElement":[{"@type":"ListItem","position":1,"name":"Startseite","item":"https:\/\/shop.wind-fgw.de\/en\/"},{"@type":"ListItem","position":2,"name":"Contact"}]},{"@type":"WebSite","@id":"https:\/\/shop.wind-fgw.de\/#website","url":"https:\/\/shop.wind-fgw.de\/","name":"FGW e.V. \u2013 Online-Shop f\u00fcr Referenzzertifikate, technische Richtlinien und Leistungskennlinien","description":"","publisher":{"@id":"https:\/\/shop.wind-fgw.de\/#organization"},"potentialAction":[{"@type":"SearchAction","target":{"@type":"EntryPoint","urlTemplate":"https:\/\/shop.wind-fgw.de\/?s={search_term_string}"},"query-input":{"@type":"PropertyValueSpecification","valueRequired":true,"valueName":"search_term_string"}}],"inLanguage":"en-US"},{"@type":"Organization","@id":"https:\/\/shop.wind-fgw.de\/#organization","name":"FGW e.V. \u2013 Online-Shop f\u00fcr Referenzzertifikate, technische Richtlinien und Leistungskennlinien","url":"https:\/\/shop.wind-fgw.de\/","logo":{"@type":"ImageObject","inLanguage":"en-US","@id":"https:\/\/shop.wind-fgw.de\/#\/schema\/logo\/image\/","url":"https:\/\/shop.wind-fgw.de\/wp-content\/uploads\/2023\/02\/FGW-Logo.png","contentUrl":"https:\/\/shop.wind-fgw.de\/wp-content\/uploads\/2023\/02\/FGW-Logo.png","width":222,"height":139,"caption":"FGW e.V. \u2013 Online-Shop f\u00fcr Referenzzertifikate, technische Richtlinien und Leistungskennlinien"},"image":{"@id":"https:\/\/shop.wind-fgw.de\/#\/schema\/logo\/image\/"}}]}},"publishpress_future_action":{"enabled":false,"date":"2026-05-06 23:47:21","action":"change-status","newStatus":"draft","terms":[],"taxonomy":"translation_priority","extraData":[]},"publishpress_future_workflow_manual_trigger":{"enabledWorkflows":[]},"_links":{"self":[{"href":"https:\/\/shop.wind-fgw.de\/en\/wp-json\/wp\/v2\/pages\/743","targetHints":{"allow":["GET"]}}],"collection":[{"href":"https:\/\/shop.wind-fgw.de\/en\/wp-json\/wp\/v2\/pages"}],"about":[{"href":"https:\/\/shop.wind-fgw.de\/en\/wp-json\/wp\/v2\/types\/page"}],"author":[{"embeddable":true,"href":"https:\/\/shop.wind-fgw.de\/en\/wp-json\/wp\/v2\/users\/1"}],"replies":[{"embeddable":true,"href":"https:\/\/shop.wind-fgw.de\/en\/wp-json\/wp\/v2\/comments?post=743"}],"version-history":[{"count":8,"href":"https:\/\/shop.wind-fgw.de\/en\/wp-json\/wp\/v2\/pages\/743\/revisions"}],"predecessor-version":[{"id":810,"href":"https:\/\/shop.wind-fgw.de\/en\/wp-json\/wp\/v2\/pages\/743\/revisions\/810"}],"wp:attachment":[{"href":"https:\/\/shop.wind-fgw.de\/en\/wp-json\/wp\/v2\/media?parent=743"}],"curies":[{"name":"wp","href":"https:\/\/api.w.org\/{rel}","templated":true}]}}